{"id":27936,"date":"2021-05-17T11:41:47","date_gmt":"2021-05-17T09:41:47","guid":{"rendered":"https:\/\/roigsat.cetrexmarketing.com\/comprar\/suscripcion-caldera\/"},"modified":"2025-03-31T11:23:18","modified_gmt":"2025-03-31T10:23:18","slug":"suscripcion-caldera","status":"publish","type":"product","link":"https:\/\/roigsat.cetrexmarketing.com\/es\/comprar\/suscripcion-caldera\/","title":{"rendered":"Suscripci\u00f3n Caldera"},"content":{"rendered":"","protected":false},"excerpt":{"rendered":"<h2 style=\"font-size: 18px; letter-spacing: 0px;\">Con el mantenimiento de la caldera obtendr\u00e1s:<\/h2>\n<p><img decoding=\"async\" class=\"alignnone size-full wp-image-27932\" src=\"https:\/\/roigsat.cetrexmarketing.com\/wp-content\/uploads\/2023\/11\/icones-roigsat-producte-CAS.svg\" alt=\"\" width=\"434\" height=\"107\" \/><\/p>\n<p><span style=\"color: #000000;\">Descubre la innovadora forma de realizar el mantenimiento de tu caldera de RoigSat. Una suscripci\u00f3n anual exclusiva de RoigSat con la que tendr\u00e1s acceso a la revisi\u00f3n de 14 puntos de la caldera. Por supuesto, con todos los beneficios que solo RoigSat puede ofrecerte, como por ejemplo descuento en las piezas y la obtenci\u00f3n del certificado de la Generalitat de Catalunya. Adem\u00e1s, formar\u00e1s parte del Club RoigSat, un club con contenidos dedicados y exclusivos para ti, as\u00ed como sorteos quincenales y mensuales.<\/span><\/p>\n<p><span style=\"font-size: 13px; color: #000; line-height: 12px; font-style: italic;\">*Promoci\u00f3n v\u00e1lida hasta el 13 de abril de 2025. Precio ofrecida v\u00e1lido por el primer a\u00f1o, segundo a\u00f1o precio habitual (130\u20ac mantenimiento caldera). Promoci\u00f3n no acumulable a otras ofertas, promociones o descuentos ni v\u00e1lida para aquellos usuarios que durante los \u00faltimos dos a\u00f1os se hayan beneficiado de alguna oferta, promoci\u00f3n o descuento. En las siguientes 24 horas a la finalizaci\u00f3n de tu compra recibir\u00e1s una llamada de nuestro equipo t\u00e9cnico. Despu\u00e9s de confirmar los datos, planificaremos la revisi\u00f3n de manera urgente o bien por otra \u00e9poca del a\u00f1o.<\/span><\/p>\n[av_toggle_container faq_markup='' initial='0' mode='accordion' sort='' styling='av-minimal-toggle' colors='custom' font_color='#000000' background_color='#ffffff' border_color='#ffffff' toggle_icon_color='#f8ab00' colors_current='custom' font_color_current='#000000' toggle_icon_color_current='#f8ab00' background_current='bg_color' background_color_current='#ffffff' background_gradient_current_direction='vertical' background_gradient_current_color1='#000000' background_gradient_current_color2='#ffffff' background_gradient_current_color3='' hover_colors='custom' hover_font_color='#000000' hover_background_color='#ffffff' hover_toggle_icon_color='#f8ab00' size-toggle='' av-desktop-font-size-toggle='' av-medium-font-size-toggle='' av-small-font-size-toggle='' av-mini-font-size-toggle='' size-content='' av-desktop-font-size-content='' av-medium-font-size-content='' av-small-font-size-content='' av-mini-font-size-content='' heading_tag='' heading_class='' alb_description='' id='' custom_class='' template_class='' av_uid='av-rwy44b' sc_version='1.0' admin_preview_bg='']<br \/>\n[av_toggle title='\u00bfQu\u00e9 incluye el mantenimiento de la caldera?' tags='' custom_id='' av_uid='av-lp9sn2zz' sc_version='1.0']<\/p>\n<ol>\n<li>Comprobaci\u00f3n y limpieza, si procede, del circuito de humos de calderas.<\/li>\n<li>An\u00e1lisis de CO2 ambiente.<\/li>\n<li>Limpieza del quemador de la caldera.<\/li>\n<li>Revisi\u00f3n del vaso de expansi\u00f3n.<\/li>\n<li>Comprobaci\u00f3n de la estanqueidad de cierre entre quemador y caldera.<\/li>\n<li>Revisi\u00f3n del sistema de preparaci\u00f3n de agua caliente sanitaria.<\/li>\n<li>Comprobaci\u00f3n de niveles de agua en circuitos.<\/li>\n<li>Revisi\u00f3n del estado del aislamiento t\u00e9rmico.<\/li>\n<li>Revisi\u00f3n del sistema de control autom\u00e1tico.<\/li>\n<li>Revisi\u00f3n general de calderas de gas.<\/li>\n<li>Purga de radiadores.<\/li>\n<li>Programa de gesti\u00f3n energ\u00e9tica.<\/li>\n<li>An\u00e1lisis de combusti\u00f3n.<\/li>\n<li>Programa de mantenimiento preventivo.<\/li>\n<\/ol>\n<p>[\/av_toggle]<br \/>\n[av_toggle title='Ventajas de RoigSat' tags='' custom_id='' av_uid='av-lp9snpv7' sc_version='1.0']<\/p>\n<ul style=\"list-style-type: disc; margin-left: 15px;\">\n<li>Garant\u00eda de 6 meses.<\/li>\n<li>Servicio \u00e1gil en tu domicilio en 24-48 horas los d\u00edas laborables.<\/li>\n<li>Si sufres una aver\u00eda, la mano de obra y el desplazamiento est\u00e1n cubiertos.<\/li>\n<li>Descuento del 10% en piezas de repuesto.<\/li>\n<li>Tel\u00e9fono de atenci\u00f3n exclusivo para abonados.<\/li>\n<li>Prioridad para elegir d\u00eda en la cita online.<\/li>\n<li>Servicio de aver\u00edas en s\u00e1bados (solo provincia de Barcelona).<\/li>\n<\/ul>\n<p>[\/av_toggle]<br \/>\n[av_toggle title='Obtenci\u00f3n de Certificados' tags='' custom_id='' av_uid='av-lp9snpv7-2' sc_version='1.0']<\/p>\n<ul style=\"list-style-type: disc; margin-left: 15px;\">\n<li>Certificado de mantenimiento de la Generalitat de Catalunya.<\/li>\n<\/ul>\n<p>[\/av_toggle]<br \/>\n[av_toggle title='Formar parte del Club RoigSat' tags='' custom_id='' av_uid='av-lp9soku2' sc_version='1.0']<\/p>\n<ul style=\"list-style-type: disc; margin-left: 15px;\">\n<li>Contenidos exclusivos.<\/li>\n<li>V\u00eddeoconsejos de nuestros profesionales.<\/li>\n<li>Sorteos exclusivos quincenales y mensuales.<\/li>\n<li>Poder disfrutar de la promoci\u00f3n \u00abTrae un amigo\u00bb, con descuento del 50% en la suscripci\u00f3n de la caldera.<\/li>\n<li>Ebooks mensuales.<\/li>\n<li>Sorpresas puntuales.<\/li>\n<\/ul>\n<p>[\/av_toggle]<br \/>\n[av_toggle title='\u00bfQu\u00e9 opinan nuestros clients?' tags='' custom_id='' av_uid='av-lp9sozx6' sc_version='1.0']<br \/>\n[wprevpro_usetemplate tid=\"3\"]<br \/>\n[\/av_toggle]<br \/>\n[\/av_toggle_container]\n[av_button label='Comprar' icon_select='yes' icon='' font='entypo-fontello' link='manually,https:\/\/roigsat.cetrexmarketing.com\/?add-to-cart=27936' link_target='' size='medium' position='left' label_display='' title_attr='' color_options='' color='theme-color' custom_bg='#444444' custom_font='#ffffff' btn_color_bg='theme-color' btn_custom_bg='#444444' btn_color_bg_hover='theme-color-highlight' btn_custom_bg_hover='#444444' btn_color_font='theme-color' btn_custom_font='#ffffff' id='' custom_class='' template_class='' av_uid='' sc_version='1.0' admin_preview_bg='']\n","protected":false},"featured_media":56468,"template":"","meta":[],"product_brand":[],"product_cat":[1793],"product_tag":[],"class_list":{"0":"post-27936","1":"product","2":"type-product","3":"status-publish","4":"has-post-thumbnail","6":"product_cat-suscripciones-roigsat","8":"first","9":"instock","10":"sold-individually","11":"shipping-taxable","12":"purchasable","13":"product-type-simple"},"_links":{"self":[{"href":"https:\/\/roigsat.cetrexmarketing.com\/es\/wp-json\/wp\/v2\/product\/27936","targetHints":{"allow":["GET"]}}],"collection":[{"href":"https:\/\/roigsat.cetrexmarketing.com\/es\/wp-json\/wp\/v2\/product"}],"about":[{"href":"https:\/\/roigsat.cetrexmarketing.com\/es\/wp-json\/wp\/v2\/types\/product"}],"wp:featuredmedia":[{"embeddable":true,"href":"https:\/\/roigsat.cetrexmarketing.com\/es\/wp-json\/wp\/v2\/media\/56468"}],"wp:attachment":[{"href":"https:\/\/roigsat.cetrexmarketing.com\/es\/wp-json\/wp\/v2\/media?parent=27936"}],"wp:term":[{"taxonomy":"product_brand","embeddable":true,"href":"https:\/\/roigsat.cetrexmarketing.com\/es\/wp-json\/wp\/v2\/product_brand?post=27936"},{"taxonomy":"product_cat","embeddable":true,"href":"https:\/\/roigsat.cetrexmarketing.com\/es\/wp-json\/wp\/v2\/product_cat?post=27936"},{"taxonomy":"product_tag","embeddable":true,"href":"https:\/\/roigsat.cetrexmarketing.com\/es\/wp-json\/wp\/v2\/product_tag?post=27936"}],"curies":[{"name":"wp","href":"https:\/\/api.w.org\/{rel}","templated":true}]}}