{"id":47314,"date":"2024-04-09T14:33:12","date_gmt":"2024-04-09T13:33:12","guid":{"rendered":"https:\/\/roigsat.cetrexmarketing.com\/comprar\/manteniment-aerotermia\/"},"modified":"2024-04-16T11:18:43","modified_gmt":"2024-04-16T10:18:43","slug":"manteniment-aerotermia","status":"publish","type":"product","link":"https:\/\/roigsat.cetrexmarketing.com\/es\/comprar\/manteniment-aerotermia\/","title":{"rendered":"Mantenimiento Aerotermia"},"content":{"rendered":"","protected":false},"excerpt":{"rendered":"<h2 style=\"font-size: 18px; letter-spacing: 0px;\">Con el mantenimiento de la aerotermia obtendr\u00e1s:<\/h2>\n<p><img decoding=\"async\" class=\"alignnone size-full wp-image-43645\" src=\"https:\/\/roigsat.cetrexmarketing.com\/wp-content\/uploads\/2023\/11\/icones-roigsat-producte-CAS.svg\" alt=\"\" width=\"434\" height=\"108\" \/><\/p>\n<p>Descubre la innovadora forma que tiene RoigSat de hacer el <strong>mantenimiento de la aerotermia.<\/strong> Una <strong>suscripci\u00f3n anual<\/strong> con la que tendr\u00e1s acceso a la <strong>revisi\u00f3n de 14 puntos exclusiva de Roigsat.<\/strong> Por supuesto contar\u00e1s con todos los beneficios que solo RoigSat puede ofrecerte como descuento de piezas y la obtenci\u00f3n del certificado de la Generalitat de Catalunya. Adem\u00e1s, formar\u00e1s parte del <strong>Club RoigSat<\/strong>, un club con contenidos dedicados y exclusivos para t\u00fa.<\/p>\n<p><em><span style=\"font-size: 13px; color: #000; line-height: 12px;\">*En las siguientes 24 horas a la finalizaci\u00f3n de tu compra recibir\u00e1s una llamada de nuestro equipo t\u00e9cnico. Despu\u00e9s de confirmar los datos, planificaremos la revisi\u00f3n de manera urgente o bien por otra \u00e9poca del a\u00f1o.<br \/>\n<\/span><\/em><\/p>\n[av_toggle_container faq_markup='' initial='0' mode='accordion' sort='' styling='av-minimal-toggle' colors='custom' font_color='#000000' background_color='#ffffff' border_color='#ffffff' toggle_icon_color='#f8ab00' colors_current='custom' font_color_current='#000000' toggle_icon_color_current='#f8ab00' background_current='bg_color' background_color_current='#ffffff' background_gradient_current_direction='vertical' background_gradient_current_color1='#000000' background_gradient_current_color2='#ffffff' background_gradient_current_color3='' hover_colors='custom' hover_font_color='#000000' hover_background_color='#ffffff' hover_toggle_icon_color='#f8ab00' size-toggle='' av-desktop-font-size-toggle='' av-medium-font-size-toggle='' av-small-font-size-toggle='' av-mini-font-size-toggle='' size-content='' av-desktop-font-size-content='' av-medium-font-size-content='' av-small-font-size-content='' av-mini-font-size-content='' heading_tag='' heading_class='' alb_description='' id='' custom_class='' template_class='' av_uid='av-rwy44b' sc_version='1.0' admin_preview_bg='']<br \/>\n[av_toggle title='\u00bfQu\u00e9 incluye el mantenimiento de la aerotermia?' tags='' custom_id='' av_uid='av-lp9sn2zz' sc_version='1.0']<\/p>\n<ol>\n<li>Salto t\u00e9rmico unidad x unidades.<\/li>\n<li>Revisi\u00f3n y limpieza de filtros.<\/li>\n<li>Limpieza de los evaporadores y condensadores.<\/li>\n<li>Desinfecci\u00f3n de las unidades interiores.<\/li>\n<li>Comprobaci\u00f3n de las bombas de condensados.<\/li>\n<li>Comprobaci\u00f3n de la estanqueidad de los circuitos y nivel de refrigerante.<\/li>\n<li>Comprobaci\u00f3n del nivel de agua de los circuitos.<\/li>\n<li>Revisi\u00f3n de aparatos de humectaci\u00f3n y enfriamiento evaporativo.<\/li>\n<li>Revisi\u00f3n del estado del aislamiento t\u00e9rmico.<\/li>\n<li>Revisi\u00f3n de unidades terminales de agua-aire.<\/li>\n<li>Revisi\u00f3n de unidades terminales de distribuci\u00f3n de aire.<\/li>\n<li>Revisi\u00f3n de bombas, ventiladores y compresor.<\/li>\n<li>Revisi\u00f3n del sistema de control autom\u00e1tico.<\/li>\n<li>Funcionamiento general de la unidad.<\/li>\n<\/ol>\n<p>[\/av_toggle]<br \/>\n[av_toggle title='Ventajas de RoigSat' tags='' custom_id='' av_uid='av-lp9snpv7' sc_version='1.0']<\/p>\n<ul style=\"list-style-type: disc; margin-left: 15px;\">\n<li>Garant\u00eda de 6 meses.<\/li>\n<li>Servicio \u00e1gil en tu domicilio en 24-48h laborables.<\/li>\n<li>Si sufres una aver\u00eda, el desplazamiento est\u00e1 cubierto y la primera hora de mano de obra, tambi\u00e9n.<\/li>\n<li>Tel\u00e9fono de atenci\u00f3n exclusivo para abonados.<\/li>\n<li>Prioridad para elegir d\u00eda en la cita en l\u00ednea<\/li>\n<li>[\/av_toggle]<\/li>\n<\/ul>\n<p>[av_toggle title='Obtenci\u00f3n de Certificados' tags='' custom_id='' av_uid='av-lp9snpv7-2' sc_version='1.0']<\/p>\n<ul style=\"list-style-type: disc; margin-left: 15px;\">\n<li>Certificado de mantenimiento de la Generalitat de Catalunya.<\/li>\n<\/ul>\n<p>[\/av_toggle]<br \/>\n[av_toggle title='Formar parte del Club RoigSat' tags='' custom_id='' av_uid='av-lp9soku2' sc_version='1.0']<\/p>\n<ul style=\"list-style-type: disc; margin-left: 15px;\">\n<li>Contenidos exclusivos.<\/li>\n<li>Video-consejos de nuestros profesionales.<\/li>\n<li>Sorteos exclusivos quincenales y mensuales.<\/li>\n<li>Ebooks mensuales.<\/li>\n<li>Sorpresas puntuales.<\/li>\n<\/ul>\n<p>[\/av_toggle]<br \/>\n[av_toggle title='\u00bfQu\u00e9 opinan nuestros clientes?' tags='' custom_id='' av_uid='av-lp9sozx6' sc_version='1.0']<br \/>\n[wprevpro_usetemplate tid=\"3\"]<br \/>\n[\/av_toggle]<br \/>\n[\/av_toggle_container]\n","protected":false},"featured_media":38556,"template":"","meta":[],"product_brand":[],"product_cat":[1793],"product_tag":[],"class_list":{"0":"post-47314","1":"product","2":"type-product","3":"status-publish","4":"has-post-thumbnail","6":"product_cat-suscripciones-roigsat","8":"first","9":"instock","10":"sold-individually","11":"shipping-taxable","12":"purchasable","13":"product-type-simple"},"_links":{"self":[{"href":"https:\/\/roigsat.cetrexmarketing.com\/es\/wp-json\/wp\/v2\/product\/47314","targetHints":{"allow":["GET"]}}],"collection":[{"href":"https:\/\/roigsat.cetrexmarketing.com\/es\/wp-json\/wp\/v2\/product"}],"about":[{"href":"https:\/\/roigsat.cetrexmarketing.com\/es\/wp-json\/wp\/v2\/types\/product"}],"wp:featuredmedia":[{"embeddable":true,"href":"https:\/\/roigsat.cetrexmarketing.com\/es\/wp-json\/wp\/v2\/media\/38556"}],"wp:attachment":[{"href":"https:\/\/roigsat.cetrexmarketing.com\/es\/wp-json\/wp\/v2\/media?parent=47314"}],"wp:term":[{"taxonomy":"product_brand","embeddable":true,"href":"https:\/\/roigsat.cetrexmarketing.com\/es\/wp-json\/wp\/v2\/product_brand?post=47314"},{"taxonomy":"product_cat","embeddable":true,"href":"https:\/\/roigsat.cetrexmarketing.com\/es\/wp-json\/wp\/v2\/product_cat?post=47314"},{"taxonomy":"product_tag","embeddable":true,"href":"https:\/\/roigsat.cetrexmarketing.com\/es\/wp-json\/wp\/v2\/product_tag?post=47314"}],"curies":[{"name":"wp","href":"https:\/\/api.w.org\/{rel}","templated":true}]}}